{"id":17269,"date":"2018-02-09T17:06:56","date_gmt":"2018-02-09T21:06:56","guid":{"rendered":"https:\/\/www.segic.ca\/?page_id=17269"},"modified":"2020-08-05T10:36:40","modified_gmt":"2020-08-05T14:36:40","slug":"pharmacist-request-access-to-my-online-statements","status":"publish","type":"page","link":"https:\/\/www.segic.ca\/en\/instructions-for-pharmacists\/pharmacist-request-access-to-my-online-statements\/","title":{"rendered":"Pharmacist: request access to my online statements"},"content":{"rendered":"<div class=\"container\">\n<div class=\"row\">\n<div id=\"onlineForms\" class=\"col-sm-8 col-md-8\">\n<h5 class=\"segicOrangeColor\">CREATE A SECURE ACCOUNT<\/h5>\n<p class=\"text-bold\">To view your statements online, you must create a secure account, which will be linked to the businesses where you work as a health professional or hospital administrator.<\/p>\n<p>Once we have received your form, a Segic customer service associate will contact you quickly to authenticate your information and give you a user name and temporary password.<\/p>\n<p>If you need help or information on creating your secure account, feel free to contact us at \u00a0<span class=\"text-bold\">514-312-9046 ext. 106<\/span> or by email <a href=\"mailto:support@segic.ca?subject=Demande d'acc\u00e8s \u00e0 mes relev\u00e9s en ligne - pharmacien\">support@segic.ca<\/a><\/p>\n<div class=\"alert alert-dismissible alert-info\"><strong><em>You must apply <u>separately for each of your locations.<\/u>.<\/em><\/strong><\/div>\n<p style=\"text-align: right; color: red; margin: 0; padding: 0; display: none;\">* Mandatory fields<\/p>\n<p><iframe loading=\"lazy\" style=\"overflow: hidden; display: none;\" src=\"https:\/\/coremotivesstorageus.blob.core.windows.net\/library\/5e196fea-b2fd-e111-ac37-00155d32390f\/2597\/webforms\/f35836af-3bbe-e611-80ea-fc15b4281ce0.htm\" width=\"100%\" height=\"900\" frameborder=\"0\" scrolling=\"no\"><\/iframe><\/p>\n<\/div>\n<div id=\"rightSide\" class=\"col-sm-4 col-md-4 pull-center\">\n<div class=\"sideBox\">\n<p><a class=\"btn btn-secondary\" href=\"https:\/\/www.segic.ca\/wp-content\/uploads\/2020\/08\/Segic-Online-Forms-8x11-Pharma-EN.pdf\" target=\"_blank\" rel=\"noopener noreferrer\" download=\"\/wp-content\/uploads\/2017\/10\/Segic-OnlineForms-Pharma.pdf\">Download PDF form<i class=\"fa fa-file-pdf-o pl-5\"><\/i><\/a><\/p>\n<h6>Send it to us at one of the following addresses :<\/h6>\n<table class=\"table\">\n<tbody>\n<tr>\n<td><strong>Fax<\/strong><\/td>\n<td>514-312-9047<\/td>\n<\/tr>\n<tr>\n<td><strong>Email<\/strong><\/td>\n<td><a href=\"mailto:support@segic.ca?subject=Online statement request - Pharmacy\">support@segic.ca<\/a><\/td>\n<\/tr>\n<tr>\n<td valign=\"top\"><strong>Mail<\/strong><\/td>\n<td align=\"top\"><strong>Segic<\/strong>, 7220 Grande-All\u00e9e Blvd.,<br \/>\nSaint-Hubert,\u00a0 QC<br \/>\nJ3Y 0N8<\/td>\n<\/tr>\n<\/tbody>\n<\/table>\n<\/div>\n<\/div>\n<p><!-- Closing Tags --><\/p>\n<\/div>\n<div class=\"space-bottom hidden-lg hidden-xs\"><\/div>\n<\/div>\n","protected":false},"excerpt":{"rendered":"<p>CREATE A SECURE ACCOUNT To view your statements online, you must create a secure account, which will be linked to the businesses where you work as a health professional or hospital administrator. Once we have received your form, a Segic customer service associate will contact you quickly to authenticate your information and give you a [&#8230;]<\/p>\n<p><a class=\"btn btn-secondary understrap-read-more-link\" href=\"https:\/\/www.segic.ca\/en\/instructions-for-pharmacists\/pharmacist-request-access-to-my-online-statements\/\">Read More<\/a><\/p>\n","protected":false},"author":2,"featured_media":0,"parent":17259,"menu_order":2,"comment_status":"closed","ping_status":"closed","template":"","meta":{"_acf_changed":false,"inline_featured_image":false,"footnotes":"","_links_to":"","_links_to_target":""},"class_list":["post-17269","page","type-page","status-publish","hentry"],"acf":[],"_links":{"self":[{"href":"https:\/\/www.segic.ca\/en\/wp-json\/wp\/v2\/pages\/17269","targetHints":{"allow":["GET"]}}],"collection":[{"href":"https:\/\/www.segic.ca\/en\/wp-json\/wp\/v2\/pages"}],"about":[{"href":"https:\/\/www.segic.ca\/en\/wp-json\/wp\/v2\/types\/page"}],"author":[{"embeddable":true,"href":"https:\/\/www.segic.ca\/en\/wp-json\/wp\/v2\/users\/2"}],"replies":[{"embeddable":true,"href":"https:\/\/www.segic.ca\/en\/wp-json\/wp\/v2\/comments?post=17269"}],"version-history":[{"count":0,"href":"https:\/\/www.segic.ca\/en\/wp-json\/wp\/v2\/pages\/17269\/revisions"}],"up":[{"embeddable":true,"href":"https:\/\/www.segic.ca\/en\/wp-json\/wp\/v2\/pages\/17259"}],"wp:attachment":[{"href":"https:\/\/www.segic.ca\/en\/wp-json\/wp\/v2\/media?parent=17269"}],"curies":[{"name":"wp","href":"https:\/\/api.w.org\/{rel}","templated":true}]}}